{"id":768,"date":"2021-07-16T07:45:28","date_gmt":"2021-07-16T07:45:28","guid":{"rendered":"https:\/\/localhost\/si\/?page_id=768"},"modified":"2021-11-15T12:49:42","modified_gmt":"2021-11-15T12:49:42","slug":"reservation","status":"publish","type":"page","link":"https:\/\/sultanindian.ch\/fr\/reservation\/","title":{"rendered":"R\u00e9servation"},"content":{"rendered":"<div data-elementor-type=\"wp-page\" data-elementor-id=\"768\" class=\"elementor elementor-768\">\n\t\t\t\t\t\t\t\t\t<section class=\"elementor-section elementor-top-section elementor-element elementor-element-4831be9 elementor-section-boxed elementor-section-height-default elementor-section-height-default\" data-id=\"4831be9\" data-element_type=\"section\" data-settings=\"{&quot;background_background&quot;:&quot;classic&quot;}\">\n\t\t\t\t\t\t\t<div class=\"elementor-background-overlay\"><\/div>\n\t\t\t\t\t\t\t<div class=\"elementor-container elementor-column-gap-default\">\n\t\t\t\t\t<div class=\"elementor-column elementor-col-100 elementor-top-column elementor-element elementor-element-74d7313\" data-id=\"74d7313\" data-element_type=\"column\">\n\t\t\t<div class=\"elementor-widget-wrap elementor-element-populated\">\n\t\t\t\t\t\t\t\t<div class=\"elementor-element elementor-element-30e8068 elementor-widget elementor-widget-heading\" data-id=\"30e8068\" data-element_type=\"widget\" data-widget_type=\"heading.default\">\n\t\t\t\t<div class=\"elementor-widget-container\">\n\t\t\t<style>\/*! elementor - v3.15.0 - 09-08-2023 *\/\n.elementor-heading-title{padding:0;margin:0;line-height:1}.elementor-widget-heading .elementor-heading-title[class*=elementor-size-]>a{color:inherit;font-size:inherit;line-height:inherit}.elementor-widget-heading .elementor-heading-title.elementor-size-small{font-size:15px}.elementor-widget-heading .elementor-heading-title.elementor-size-medium{font-size:19px}.elementor-widget-heading .elementor-heading-title.elementor-size-large{font-size:29px}.elementor-widget-heading .elementor-heading-title.elementor-size-xl{font-size:39px}.elementor-widget-heading .elementor-heading-title.elementor-size-xxl{font-size:59px}<\/style><h1 class=\"elementor-heading-title elementor-size-default\">R\u00e9servation<\/h1>\t\t<\/div>\n\t\t\t\t<\/div>\n\t\t\t\t<section class=\"elementor-section elementor-inner-section elementor-element elementor-element-8f28584 elementor-section-boxed elementor-section-height-default elementor-section-height-default\" data-id=\"8f28584\" data-element_type=\"section\">\n\t\t\t\t\t\t<div class=\"elementor-container elementor-column-gap-default\">\n\t\t\t\t\t<div class=\"elementor-column elementor-col-100 elementor-inner-column elementor-element elementor-element-1751809\" data-id=\"1751809\" data-element_type=\"column\">\n\t\t\t<div class=\"elementor-widget-wrap elementor-element-populated\">\n\t\t\t\t\t\t\t\t<div class=\"elementor-element elementor-element-157c080 elementor-widget elementor-widget-wpforms\" data-id=\"157c080\" data-element_type=\"widget\" data-widget_type=\"wpforms.default\">\n\t\t\t\t<div class=\"elementor-widget-container\">\n\t\t\t<div class=\"wpforms-container\" id=\"wpforms-1609\"><form id=\"wpforms-form-1609\" class=\"wpforms-validate wpforms-form\" data-formid=\"1609\" method=\"post\" enctype=\"multipart\/form-data\" action=\"\/fr\/wp-json\/wp\/v2\/pages\/768\" data-token=\"a90cc7758bd4f2f8c34e8c6127cc92e0\" data-trp-original-action=\"\/fr\/wp-json\/wp\/v2\/pages\/768\"><noscript class=\"wpforms-error-noscript\">Veuillez activer JavaScript dans votre navigateur pour remplir ce formulaire.<\/noscript><div class=\"wpforms-field-container\"><div id=\"wpforms-1609-field_0-container\" class=\"wpforms-field wpforms-field-name\" data-field-id=\"0\"><label class=\"wpforms-field-label\" for=\"wpforms-1609-field_0\">Nom Complet  <span class=\"wpforms-required-label\">*<\/span><\/label><input type=\"text\" id=\"wpforms-1609-field_0\" class=\"wpforms-field-large wpforms-field-required\" name=\"wpforms[fields][0]\" required><\/div><div id=\"wpforms-1609-field_1-container\" class=\"wpforms-field wpforms-field-email\" data-field-id=\"1\"><label class=\"wpforms-field-label\" for=\"wpforms-1609-field_1\">E-mail <span class=\"wpforms-required-label\">*<\/span><\/label><input type=\"email\" id=\"wpforms-1609-field_1\" class=\"wpforms-field-large wpforms-field-required\" name=\"wpforms[fields][1]\" required><\/div><div id=\"wpforms-1609-field_7-container\" class=\"wpforms-field wpforms-field-text\" data-field-id=\"7\"><label class=\"wpforms-field-label\" for=\"wpforms-1609-field_7\">Votre num\u00e9ro de t\u00e9l\u00e9phone <span class=\"wpforms-required-label\">*<\/span><\/label><input type=\"text\" id=\"wpforms-1609-field_7\" class=\"wpforms-field-large wpforms-field-required\" name=\"wpforms[fields][7]\" required><\/div><div id=\"wpforms-1609-field_8-container\" class=\"wpforms-field wpforms-field-number\" data-field-id=\"8\"><label class=\"wpforms-field-label\" for=\"wpforms-1609-field_8\">Nombre de personnes <span class=\"wpforms-required-label\">*<\/span><\/label><input type=\"number\" pattern=\"\\d*\" id=\"wpforms-1609-field_8\" class=\"wpforms-field-large wpforms-field-required\" name=\"wpforms[fields][8]\" required><\/div><div id=\"wpforms-1609-field_14-container\" class=\"wpforms-field wpforms-field-date-time\" data-field-id=\"14\"><label class=\"wpforms-field-label\" for=\"wpforms-1609-field_14\">Jour <span class=\"wpforms-required-label\">*<\/span><\/label><div class=\"wpforms-datepicker-wrap\"><input type=\"text\" id=\"wpforms-1609-field_14\" class=\"wpforms-field-date-time-date wpforms-datepicker wpforms-field-required wpforms-field-large\" data-date-format=\"d\/m\/Y\" data-disable-past-dates=\"0\" data-input=\"true\" name=\"wpforms[fields][14][date]\" required><a title=\"Clear Date\" data-clear class=\"wpforms-datepicker-clear\" style=\"display:none;\"><\/a><\/div><\/div><div id=\"wpforms-1609-field_10-container\" class=\"wpforms-field wpforms-field-date-time\" data-field-id=\"10\"><label class=\"wpforms-field-label\" for=\"wpforms-1609-field_10\">D\u00e9jeuner<\/label><input type=\"text\" id=\"wpforms-1609-field_10-time\" class=\"wpforms-field-date-time-time wpforms-timepicker wpforms-field-large\" data-rule-time12h=\"true\" data-time-format=\"g:i A\" data-step=\"30\" data-min-time=\"11:30am\" data-max-time=\"02:00pm\" name=\"wpforms[fields][10][time]\" ><\/div><div id=\"wpforms-1609-field_11-container\" class=\"wpforms-field wpforms-field-date-time\" data-field-id=\"11\"><label class=\"wpforms-field-label\" for=\"wpforms-1609-field_11\">Diner<\/label><input type=\"text\" id=\"wpforms-1609-field_11-time\" class=\"wpforms-field-date-time-time wpforms-timepicker wpforms-field-large\" data-rule-time12h=\"true\" data-time-format=\"g:i A\" data-step=\"30\" data-min-time=\"06:30pm\" data-max-time=\"10:00pm\" name=\"wpforms[fields][11][time]\" ><\/div><div id=\"wpforms-1609-field_15-container\" class=\"wpforms-field wpforms-field-checkbox\" data-field-id=\"15\"><label class=\"wpforms-field-label\" for=\"wpforms-1609-field_15\">Conditions d'utilisation <span class=\"wpforms-required-label\">*<\/span><\/label><ul id=\"wpforms-1609-field_15\" class=\"wpforms-field-required\"><li class=\"choice-1 depth-1\"><input type=\"checkbox\" id=\"wpforms-1609-field_15_1\" name=\"wpforms[fields][15][]\" value=\"I agree to the Terms and Conditions. \" required><label class=\"wpforms-field-label-inline\" for=\"wpforms-1609-field_15_1\">J'accepte les termes et conditions. <\/label><\/li><\/ul><div class=\"wpforms-field-description\"><a href=\"https:\/\/sultanindian.ch\/fr\/terms-and-conditions\/\">Conditions g\u00e9n\u00e9rales de vente \/ mentions l\u00e9gales<\/a>.<\/div><\/div><\/div><div class=\"wpforms-field wpforms-field-hp\"><label for=\"wpforms-1609-field-hp\" class=\"wpforms-field-label\">Website<\/label><input type=\"text\" name=\"wpforms[hp]\" id=\"wpforms-1609-field-hp\" class=\"wpforms-field-medium\"><\/div><div class=\"wpforms-submit-container\" ><input type=\"hidden\" name=\"wpforms[id]\" value=\"1609\"><input type=\"hidden\" name=\"wpforms[author]\" value=\"1\"><button type=\"submit\" name=\"wpforms[submit]\" class=\"wpforms-submit\" id=\"wpforms-submit-1609\" value=\"wpforms-submit\" aria-live=\"assertive\" data-alt-text=\"Sending...\" data-submit-text=\"Submit\">Enregistrer<\/button><\/div><input type=\"hidden\" name=\"trp-form-language\" value=\"fr\"\/><\/form><\/div>  <!-- .wpforms-container -->\t\t<\/div>\n\t\t\t\t<\/div>\n\t\t\t\t\t<\/div>\n\t\t<\/div>\n\t\t\t\t\t\t\t<\/div>\n\t\t<\/section>\n\t\t\t\t\t<\/div>\n\t\t<\/div>\n\t\t\t\t\t\t\t<\/div>\n\t\t<\/section>\n\t\t\t\t\t\t\t<\/div>","protected":false},"excerpt":{"rendered":"<p>R\u00e9servation<\/p>","protected":false},"author":1,"featured_media":0,"parent":0,"menu_order":0,"comment_status":"closed","ping_status":"closed","template":"","meta":{"footnotes":""},"class_list":["post-768","page","type-page","status-publish","hentry"],"_links":{"self":[{"href":"https:\/\/sultanindian.ch\/fr\/wp-json\/wp\/v2\/pages\/768","targetHints":{"allow":["GET"]}}],"collection":[{"href":"https:\/\/sultanindian.ch\/fr\/wp-json\/wp\/v2\/pages"}],"about":[{"href":"https:\/\/sultanindian.ch\/fr\/wp-json\/wp\/v2\/types\/page"}],"author":[{"embeddable":true,"href":"https:\/\/sultanindian.ch\/fr\/wp-json\/wp\/v2\/users\/1"}],"replies":[{"embeddable":true,"href":"https:\/\/sultanindian.ch\/fr\/wp-json\/wp\/v2\/comments?post=768"}],"version-history":[{"count":143,"href":"https:\/\/sultanindian.ch\/fr\/wp-json\/wp\/v2\/pages\/768\/revisions"}],"predecessor-version":[{"id":1973,"href":"https:\/\/sultanindian.ch\/fr\/wp-json\/wp\/v2\/pages\/768\/revisions\/1973"}],"wp:attachment":[{"href":"https:\/\/sultanindian.ch\/fr\/wp-json\/wp\/v2\/media?parent=768"}],"curies":[{"name":"wp","href":"https:\/\/api.w.org\/{rel}","templated":true}]}}