{"id":1140,"date":"2021-07-18T15:46:01","date_gmt":"2021-07-18T15:46:01","guid":{"rendered":"https:\/\/localhost\/si\/?page_id=1140"},"modified":"2025-02-28T21:19:42","modified_gmt":"2025-02-28T21:19:42","slug":"lunch-buffet","status":"publish","type":"page","link":"http:\/\/sultanindian.ch\/fr\/lunch-buffet\/","title":{"rendered":"Le Buffet Midi"},"content":{"rendered":"<div data-elementor-type=\"wp-page\" data-elementor-id=\"1140\" class=\"elementor elementor-1140\">\n\t\t\t\t\t\t\t\t\t<section class=\"elementor-section elementor-top-section elementor-element elementor-element-44199b6 elementor-section-boxed elementor-section-height-default elementor-section-height-default\" data-id=\"44199b6\" data-element_type=\"section\">\n\t\t\t\t\t\t<div class=\"elementor-container elementor-column-gap-default\">\n\t\t\t\t\t<div class=\"elementor-column elementor-col-100 elementor-top-column elementor-element elementor-element-42f420a\" data-id=\"42f420a\" data-element_type=\"column\">\n\t\t\t<div class=\"elementor-widget-wrap elementor-element-populated\">\n\t\t\t\t\t\t\t\t<div class=\"elementor-element elementor-element-14a8d8c elementor-vertical-align-top elementor-widget elementor-widget-icon-box\" data-id=\"14a8d8c\" data-element_type=\"widget\" data-widget_type=\"icon-box.default\">\n\t\t\t\t<div class=\"elementor-widget-container\">\n\t\t\t<link rel=\"stylesheet\" href=\"https:\/\/sultanindian.ch\/wp-content\/plugins\/elementor\/assets\/css\/widget-icon-box.min.css\">\t\t<div class=\"elementor-icon-box-wrapper\">\n\t\t\t\t\t\t<div class=\"elementor-icon-box-content\">\n\t\t\t\t<h1 class=\"elementor-icon-box-title translation-block\">Le Buffet Midi Menu - \u00e0 volont\u00e9<\/h1>\n\t\t\t\t\t\t\t\t\t<p class=\"elementor-icon-box-description\">\n\t\t\t\t\t\t(Lundi \u00e0 Vendredi)\t\t\t\t\t<\/p>\n\t\t\t\t\t\t\t<\/div>\n\t\t<\/div>\n\t\t\t\t<\/div>\n\t\t\t\t<\/div>\n\t\t\t\t<div class=\"elementor-element elementor-element-289ed20 elementor-widget elementor-widget-text-editor\" data-id=\"289ed20\" data-element_type=\"widget\" data-widget_type=\"text-editor.default\">\n\t\t\t\t<div class=\"elementor-widget-container\">\n\t\t\t<style>\/*! elementor - v3.15.0 - 09-08-2023 *\/\n.elementor-widget-text-editor.elementor-drop-cap-view-stacked .elementor-drop-cap{background-color:#69727d;color:#fff}.elementor-widget-text-editor.elementor-drop-cap-view-framed .elementor-drop-cap{color:#69727d;border:3px solid;background-color:transparent}.elementor-widget-text-editor:not(.elementor-drop-cap-view-default) .elementor-drop-cap{margin-top:8px}.elementor-widget-text-editor:not(.elementor-drop-cap-view-default) .elementor-drop-cap-letter{width:1em;height:1em}.elementor-widget-text-editor .elementor-drop-cap{float:left;text-align:center;line-height:1;font-size:50px}.elementor-widget-text-editor .elementor-drop-cap-letter{display:inline-block}<\/style>\t\t\t\t<h3><strong>Entr\u00e9e<\/strong><\/h3><h3><strong>+<\/strong>\u200b<\/h3><h3><strong>Vari\u00e9t\u00e9 de salades fra\u00eeches<\/strong><\/h3><p>+<\/p><h3><strong>Poulet<\/strong><\/h3><h3><strong>Boeuf<\/strong><\/h3><h3><strong>Poisson ou Crevettes<\/strong><\/h3><h3><strong>L\u00e9gumes<\/strong><\/h3><h3><strong>Lentilles<\/strong><\/h3><h3><strong>Deux Vari\u00e9t\u00e9s de riz basmati<\/strong><\/h3><p>+<\/p><h3><strong>Dessert<\/strong><\/h3>\t\t\t\t\t\t<\/div>\n\t\t\t\t<\/div>\n\t\t\t\t<div class=\"elementor-element elementor-element-fc2245d elementor-vertical-align-top elementor-widget elementor-widget-icon-box\" data-id=\"fc2245d\" data-element_type=\"widget\" data-widget_type=\"icon-box.default\">\n\t\t\t\t<div class=\"elementor-widget-container\">\n\t\t\t\t\t<div class=\"elementor-icon-box-wrapper\">\n\t\t\t\t\t\t<div class=\"elementor-icon-box-content\">\n\t\t\t\t<h2 class=\"elementor-icon-box-title\">\n\t\t\t\t\t<span  >\n\t\t\t\t\t\tPrice: 26-\t\t\t\t\t<\/span>\n\t\t\t\t<\/h2>\n\t\t\t\t\t\t\t<\/div>\n\t\t<\/div>\n\t\t\t\t<\/div>\n\t\t\t\t<\/div>\n\t\t\t\t\t<\/div>\n\t\t<\/div>\n\t\t\t\t\t\t\t<\/div>\n\t\t<\/section>\n\t\t\t\t\t\t\t<\/div>","protected":false},"excerpt":{"rendered":"<p>Lunch Buffet &#8211; Self Service Menu (Monday to Friday) Starter +\u200b Variety of Fresh Salads + Chicken Beef Fish or Shrimps Vegetables Lentils Two Varieties of Basmati Rice + Dessert Price: 26-<\/p>","protected":false},"author":1,"featured_media":0,"parent":0,"menu_order":0,"comment_status":"closed","ping_status":"closed","template":"","meta":{"footnotes":""},"class_list":["post-1140","page","type-page","status-publish","hentry"],"_links":{"self":[{"href":"http:\/\/sultanindian.ch\/fr\/wp-json\/wp\/v2\/pages\/1140","targetHints":{"allow":["GET"]}}],"collection":[{"href":"http:\/\/sultanindian.ch\/fr\/wp-json\/wp\/v2\/pages"}],"about":[{"href":"http:\/\/sultanindian.ch\/fr\/wp-json\/wp\/v2\/types\/page"}],"author":[{"embeddable":true,"href":"http:\/\/sultanindian.ch\/fr\/wp-json\/wp\/v2\/users\/1"}],"replies":[{"embeddable":true,"href":"http:\/\/sultanindian.ch\/fr\/wp-json\/wp\/v2\/comments?post=1140"}],"version-history":[{"count":68,"href":"http:\/\/sultanindian.ch\/fr\/wp-json\/wp\/v2\/pages\/1140\/revisions"}],"predecessor-version":[{"id":2225,"href":"http:\/\/sultanindian.ch\/fr\/wp-json\/wp\/v2\/pages\/1140\/revisions\/2225"}],"wp:attachment":[{"href":"http:\/\/sultanindian.ch\/fr\/wp-json\/wp\/v2\/media?parent=1140"}],"curies":[{"name":"wp","href":"https:\/\/api.w.org\/{rel}","templated":true}]}}